{"id":1796,"date":"2016-01-19T15:13:53","date_gmt":"2016-01-19T14:13:53","guid":{"rendered":"http:\/\/www.graindorge.fr\/en\/boutique\/nonclass\u00e9\/44-livarot-graindorge\/"},"modified":"2025-11-20T11:02:38","modified_gmt":"2025-11-20T10:02:38","slug":"44-livarot-graindorge","status":"publish","type":"product","link":"https:\/\/www.graindorge.fr\/en\/produit\/44-livarot-graindorge\/","title":{"rendered":"Livarot AOP E.Graindorge (450g)"},"content":{"rendered":"<p>Le Livarot AOP est la plus ancienne AOP fromag\u00e8re de Normandie. On le reconna\u00eet \u00e0 sa cro\u00fbte orang\u00e9e ceinte de ses 5 la\u00eeches. C&#8217;est un fromage \u00e0 p\u00e2te molle et \u00e0 cro\u00fbte lav\u00e9e. Sa p\u00e2te est blonde et fondante. Il a le go\u00fbt de son terroir : franc et prononc\u00e9.<\/p>\n<p>Ingr\u00e9dients : <strong>Lait<\/strong> de vache pasteuris\u00e9, sel, ferments (<strong>dont lait<\/strong>), pr\u00e9sure, colorant de cro\u00fbte : norbixine de rocou.<br \/>\nValeurs nutritionnelles moyennes pour 100g<br \/>\nEnergie: 1222 kj \/ 294 kcal<br \/>\nMati\u00e8res grasses: 22g Dont Acides gras satur\u00e9s: 14g<br \/>\nGlucides: &lt; 0,5g Dont Sucres: &lt; 0,5g<br \/>\nProt\u00e9ines: 24g<br \/>\nSel: 1,6g<br \/>\nLe Livarot E. Graindorge au <strong>lait<\/strong> pasteuris\u00e9 se conserve entre +4\u00b0C et +8\u00b0C<br \/>\nPoids net \u00e0 l\u2019emballage : 450 g<br \/>\nFabriqu\u00e9 par FDL 14140 Livarot<\/p>\n","protected":false},"excerpt":{"rendered":"<p>4\/4 Livarot Graindorge 450g<\/p>\n","protected":false},"featured_media":8375,"template":"","meta":{"_acf_changed":false},"product_brand":[],"product_cat":[52,55],"product_tag":[],"class_list":{"0":"post-1796","1":"product","2":"type-product","3":"status-publish","4":"has-post-thumbnail","6":"product_cat-aop-en","7":"product_cat-lait-pasteurise-en","8":"product_shipping_class-avec_boite-en","10":"first","11":"instock","12":"shipping-taxable","13":"purchasable","14":"product-type-simple"},"acf":[],"yoast_head":"<!-- This site is optimized with the Yoast SEO plugin v24.8 - https:\/\/yoast.com\/wordpress\/plugins\/seo\/ -->\n<title>Livarot AOP E.Graindorge (450g) - Graindorge<\/title>\n<meta name=\"robots\" content=\"index, follow, max-snippet:-1, max-image-preview:large, max-video-preview:-1\" \/>\n<link rel=\"canonical\" href=\"https:\/\/www.graindorge.fr\/en\/produit\/44-livarot-graindorge\/\" \/>\n<meta property=\"og:locale\" content=\"en_US\" \/>\n<meta property=\"og:type\" content=\"article\" \/>\n<meta property=\"og:title\" content=\"Livarot AOP E.Graindorge (450g) - Graindorge\" \/>\n<meta property=\"og:description\" content=\"4\/4 Livarot Graindorge 450g\" \/>\n<meta property=\"og:url\" content=\"https:\/\/www.graindorge.fr\/en\/produit\/44-livarot-graindorge\/\" \/>\n<meta property=\"og:site_name\" content=\"Graindorge\" \/>\n<meta property=\"article:modified_time\" content=\"2025-11-20T10:02:38+00:00\" \/>\n<meta property=\"og:image\" content=\"http:\/\/www.graindorge.fr\/wp-content\/uploads\/2016\/01\/Livarot-Graindorge.jpg\" \/>\n\t<meta property=\"og:image:width\" content=\"600\" \/>\n\t<meta property=\"og:image:height\" content=\"600\" \/>\n\t<meta property=\"og:image:type\" content=\"image\/jpeg\" \/>\n<meta name=\"twitter:card\" content=\"summary_large_image\" \/>\n<meta name=\"twitter:label1\" content=\"Est. reading time\" \/>\n\t<meta name=\"twitter:data1\" content=\"1 minute\" \/>\n<script type=\"application\/ld+json\" class=\"yoast-schema-graph\">{\"@context\":\"https:\/\/schema.org\",\"@graph\":[{\"@type\":\"WebPage\",\"@id\":\"https:\/\/www.graindorge.fr\/en\/produit\/44-livarot-graindorge\/\",\"url\":\"https:\/\/www.graindorge.fr\/en\/produit\/44-livarot-graindorge\/\",\"name\":\"Livarot AOP E.Graindorge (450g) - Graindorge\",\"isPartOf\":{\"@id\":\"https:\/\/www.graindorge.fr\/#website\"},\"primaryImageOfPage\":{\"@id\":\"https:\/\/www.graindorge.fr\/en\/produit\/44-livarot-graindorge\/#primaryimage\"},\"image\":{\"@id\":\"https:\/\/www.graindorge.fr\/en\/produit\/44-livarot-graindorge\/#primaryimage\"},\"thumbnailUrl\":\"https:\/\/www.graindorge.fr\/wp-content\/uploads\/2016\/01\/Livarot-Graindorge.jpg\",\"datePublished\":\"2016-01-19T14:13:53+00:00\",\"dateModified\":\"2025-11-20T10:02:38+00:00\",\"breadcrumb\":{\"@id\":\"https:\/\/www.graindorge.fr\/en\/produit\/44-livarot-graindorge\/#breadcrumb\"},\"inLanguage\":\"en-US\",\"potentialAction\":[{\"@type\":\"ReadAction\",\"target\":[\"https:\/\/www.graindorge.fr\/en\/produit\/44-livarot-graindorge\/\"]}]},{\"@type\":\"ImageObject\",\"inLanguage\":\"en-US\",\"@id\":\"https:\/\/www.graindorge.fr\/en\/produit\/44-livarot-graindorge\/#primaryimage\",\"url\":\"https:\/\/www.graindorge.fr\/wp-content\/uploads\/2016\/01\/Livarot-Graindorge.jpg\",\"contentUrl\":\"https:\/\/www.graindorge.fr\/wp-content\/uploads\/2016\/01\/Livarot-Graindorge.jpg\",\"width\":600,\"height\":600},{\"@type\":\"BreadcrumbList\",\"@id\":\"https:\/\/www.graindorge.fr\/en\/produit\/44-livarot-graindorge\/#breadcrumb\",\"itemListElement\":[{\"@type\":\"ListItem\",\"position\":1,\"name\":\"Accueil\",\"item\":\"https:\/\/www.graindorge.fr\/en\/\"},{\"@type\":\"ListItem\",\"position\":2,\"name\":\"The Boutique\",\"item\":\"https:\/\/www.graindorge.fr\/en\/shop\/\"},{\"@type\":\"ListItem\",\"position\":3,\"name\":\"Livarot AOP E.Graindorge (450g)\"}]},{\"@type\":\"WebSite\",\"@id\":\"https:\/\/www.graindorge.fr\/#website\",\"url\":\"https:\/\/www.graindorge.fr\/\",\"name\":\"Graindorge\",\"description\":\"Fromagerie Graindorge\",\"potentialAction\":[{\"@type\":\"SearchAction\",\"target\":{\"@type\":\"EntryPoint\",\"urlTemplate\":\"https:\/\/www.graindorge.fr\/?s={search_term_string}\"},\"query-input\":{\"@type\":\"PropertyValueSpecification\",\"valueRequired\":true,\"valueName\":\"search_term_string\"}}],\"inLanguage\":\"en-US\"}]}<\/script>\n<!-- \/ Yoast SEO plugin. -->","yoast_head_json":{"title":"Livarot AOP E.Graindorge (450g) - Graindorge","robots":{"index":"index","follow":"follow","max-snippet":"max-snippet:-1","max-image-preview":"max-image-preview:large","max-video-preview":"max-video-preview:-1"},"canonical":"https:\/\/www.graindorge.fr\/en\/produit\/44-livarot-graindorge\/","og_locale":"en_US","og_type":"article","og_title":"Livarot AOP E.Graindorge (450g) - Graindorge","og_description":"4\/4 Livarot Graindorge 450g","og_url":"https:\/\/www.graindorge.fr\/en\/produit\/44-livarot-graindorge\/","og_site_name":"Graindorge","article_modified_time":"2025-11-20T10:02:38+00:00","og_image":[{"width":600,"height":600,"url":"http:\/\/www.graindorge.fr\/wp-content\/uploads\/2016\/01\/Livarot-Graindorge.jpg","type":"image\/jpeg"}],"twitter_card":"summary_large_image","twitter_misc":{"Est. reading time":"1 minute"},"schema":{"@context":"https:\/\/schema.org","@graph":[{"@type":"WebPage","@id":"https:\/\/www.graindorge.fr\/en\/produit\/44-livarot-graindorge\/","url":"https:\/\/www.graindorge.fr\/en\/produit\/44-livarot-graindorge\/","name":"Livarot AOP E.Graindorge (450g) - Graindorge","isPartOf":{"@id":"https:\/\/www.graindorge.fr\/#website"},"primaryImageOfPage":{"@id":"https:\/\/www.graindorge.fr\/en\/produit\/44-livarot-graindorge\/#primaryimage"},"image":{"@id":"https:\/\/www.graindorge.fr\/en\/produit\/44-livarot-graindorge\/#primaryimage"},"thumbnailUrl":"https:\/\/www.graindorge.fr\/wp-content\/uploads\/2016\/01\/Livarot-Graindorge.jpg","datePublished":"2016-01-19T14:13:53+00:00","dateModified":"2025-11-20T10:02:38+00:00","breadcrumb":{"@id":"https:\/\/www.graindorge.fr\/en\/produit\/44-livarot-graindorge\/#breadcrumb"},"inLanguage":"en-US","potentialAction":[{"@type":"ReadAction","target":["https:\/\/www.graindorge.fr\/en\/produit\/44-livarot-graindorge\/"]}]},{"@type":"ImageObject","inLanguage":"en-US","@id":"https:\/\/www.graindorge.fr\/en\/produit\/44-livarot-graindorge\/#primaryimage","url":"https:\/\/www.graindorge.fr\/wp-content\/uploads\/2016\/01\/Livarot-Graindorge.jpg","contentUrl":"https:\/\/www.graindorge.fr\/wp-content\/uploads\/2016\/01\/Livarot-Graindorge.jpg","width":600,"height":600},{"@type":"BreadcrumbList","@id":"https:\/\/www.graindorge.fr\/en\/produit\/44-livarot-graindorge\/#breadcrumb","itemListElement":[{"@type":"ListItem","position":1,"name":"Accueil","item":"https:\/\/www.graindorge.fr\/en\/"},{"@type":"ListItem","position":2,"name":"The Boutique","item":"https:\/\/www.graindorge.fr\/en\/shop\/"},{"@type":"ListItem","position":3,"name":"Livarot AOP E.Graindorge (450g)"}]},{"@type":"WebSite","@id":"https:\/\/www.graindorge.fr\/#website","url":"https:\/\/www.graindorge.fr\/","name":"Graindorge","description":"Fromagerie Graindorge","potentialAction":[{"@type":"SearchAction","target":{"@type":"EntryPoint","urlTemplate":"https:\/\/www.graindorge.fr\/?s={search_term_string}"},"query-input":{"@type":"PropertyValueSpecification","valueRequired":true,"valueName":"search_term_string"}}],"inLanguage":"en-US"}]}},"_links":{"self":[{"href":"https:\/\/www.graindorge.fr\/en\/wp-json\/wp\/v2\/product\/1796","targetHints":{"allow":["GET"]}}],"collection":[{"href":"https:\/\/www.graindorge.fr\/en\/wp-json\/wp\/v2\/product"}],"about":[{"href":"https:\/\/www.graindorge.fr\/en\/wp-json\/wp\/v2\/types\/product"}],"wp:featuredmedia":[{"embeddable":true,"href":"https:\/\/www.graindorge.fr\/en\/wp-json\/wp\/v2\/media\/8375"}],"wp:attachment":[{"href":"https:\/\/www.graindorge.fr\/en\/wp-json\/wp\/v2\/media?parent=1796"}],"wp:term":[{"taxonomy":"product_brand","embeddable":true,"href":"https:\/\/www.graindorge.fr\/en\/wp-json\/wp\/v2\/product_brand?post=1796"},{"taxonomy":"product_cat","embeddable":true,"href":"https:\/\/www.graindorge.fr\/en\/wp-json\/wp\/v2\/product_cat?post=1796"},{"taxonomy":"product_tag","embeddable":true,"href":"https:\/\/www.graindorge.fr\/en\/wp-json\/wp\/v2\/product_tag?post=1796"}],"curies":[{"name":"wp","href":"https:\/\/api.w.org\/{rel}","templated":true}]}}