{"id":1792,"date":"2016-01-19T15:25:24","date_gmt":"2016-01-19T14:25:24","guid":{"rendered":"http:\/\/www.graindorge.fr\/en\/boutique\/nonclass\u00e9\/camembert-e-graindorge\/"},"modified":"2026-01-30T11:14:41","modified_gmt":"2026-01-30T10:14:41","slug":"camembert-e-graindorge","status":"publish","type":"product","link":"https:\/\/www.graindorge.fr\/en\/produit\/camembert-e-graindorge\/","title":{"rendered":"Camembert de Normandie AOP E. Graindorge"},"content":{"rendered":"<p>Le Camembert de Normandie a \u00e9t\u00e9 cr\u00e9\u00e9 par Marie Harel \u00e0 Camembert en 1791. C\u2019est un fromage \u00e0 p\u00e2te molle et \u00e0 cro\u00fbte fleurie que les normands appr\u00e9cient aux trois-quarts affin\u00e9 avec un mince filet blanc au c\u0153ur.<\/p>\n<p>Le Camembert de Normandie AOP de la Fromagerie E. GRAINDORGE est fabriqu\u00e9 exclusivement avec du <strong>lait<\/strong> cru soigneusement s\u00e9lectionn\u00e9 et moul\u00e9 \u00e0 la louche \u00e0 la main sur table.<\/p>\n<p>Ingr\u00e9dients : <strong>Lait<\/strong> de vache cru, sel, ferments (<strong>dont lait<\/strong>), pr\u00e9sure.<\/p>\n<p><em>Ce fromage est au lait cru. Il est d\u00e9conseill\u00e9 aux populations fragiles, dont les jeunes enfants, de le consommer. Consultez www.fromagesaulaitcru.fr<\/em><\/p>\n<p>Valeurs nutritionnelles moyennes pour 100g<br \/>\nEnergie: 1120 kj \/ 270 kcal<br \/>\nMati\u00e8res grasses: 20g Dont Acides gras satur\u00e9s: 13g<br \/>\nGlucides: &lt; 0,5g Dont Sucres: &lt; 0,5g<br \/>\nProt\u00e9ines: 22g<br \/>\nSel: 1,8g<br \/>\nLe Camembert de Normandie se conserve entre +4\u00b0C et +8\u00b0C<br \/>\nPoids net \u00e0 l\u2019emballage : 250 g<br \/>\nFabriqu\u00e9 par DUP 14340 Saint Loup De Fribois<\/p>\n","protected":false},"excerpt":{"rendered":"<p>Bo\u00eete de 250g<\/p>\n","protected":false},"featured_media":1112,"template":"","meta":{"_acf_changed":false},"product_brand":[],"product_cat":[52],"product_tag":[],"class_list":{"0":"post-1792","1":"product","2":"type-product","3":"status-publish","4":"has-post-thumbnail","6":"product_cat-aop-en","7":"product_shipping_class-avec_boite-en","9":"first","10":"instock","11":"shipping-taxable","12":"purchasable","13":"product-type-simple"},"acf":[],"yoast_head":"<!-- This site is optimized with the Yoast SEO plugin v24.8 - https:\/\/yoast.com\/wordpress\/plugins\/seo\/ -->\n<title>Camembert de Normandie AOP E. Graindorge - Graindorge<\/title>\n<meta name=\"robots\" content=\"index, follow, max-snippet:-1, max-image-preview:large, max-video-preview:-1\" \/>\n<link rel=\"canonical\" href=\"https:\/\/www.graindorge.fr\/en\/produit\/camembert-e-graindorge\/\" \/>\n<meta property=\"og:locale\" content=\"en_US\" \/>\n<meta property=\"og:type\" content=\"article\" \/>\n<meta property=\"og:title\" content=\"Camembert de Normandie AOP E. Graindorge - Graindorge\" \/>\n<meta property=\"og:description\" content=\"Bo\u00eete de 250g\" \/>\n<meta property=\"og:url\" content=\"https:\/\/www.graindorge.fr\/en\/produit\/camembert-e-graindorge\/\" \/>\n<meta property=\"og:site_name\" content=\"Graindorge\" \/>\n<meta property=\"article:modified_time\" content=\"2026-01-30T10:14:41+00:00\" \/>\n<meta property=\"og:image\" content=\"http:\/\/www.graindorge.fr\/wp-content\/uploads\/2016\/01\/Camembert-EG-1.jpg\" \/>\n\t<meta property=\"og:image:width\" content=\"600\" \/>\n\t<meta property=\"og:image:height\" content=\"600\" \/>\n\t<meta property=\"og:image:type\" content=\"image\/jpeg\" \/>\n<meta name=\"twitter:card\" content=\"summary_large_image\" \/>\n<meta name=\"twitter:label1\" content=\"Est. reading time\" \/>\n\t<meta name=\"twitter:data1\" content=\"1 minute\" \/>\n<script type=\"application\/ld+json\" class=\"yoast-schema-graph\">{\"@context\":\"https:\/\/schema.org\",\"@graph\":[{\"@type\":\"WebPage\",\"@id\":\"https:\/\/www.graindorge.fr\/en\/produit\/camembert-e-graindorge\/\",\"url\":\"https:\/\/www.graindorge.fr\/en\/produit\/camembert-e-graindorge\/\",\"name\":\"Camembert de Normandie AOP E. Graindorge - Graindorge\",\"isPartOf\":{\"@id\":\"https:\/\/www.graindorge.fr\/#website\"},\"primaryImageOfPage\":{\"@id\":\"https:\/\/www.graindorge.fr\/en\/produit\/camembert-e-graindorge\/#primaryimage\"},\"image\":{\"@id\":\"https:\/\/www.graindorge.fr\/en\/produit\/camembert-e-graindorge\/#primaryimage\"},\"thumbnailUrl\":\"https:\/\/www.graindorge.fr\/wp-content\/uploads\/2016\/01\/Camembert-EG-1.jpg\",\"datePublished\":\"2016-01-19T14:25:24+00:00\",\"dateModified\":\"2026-01-30T10:14:41+00:00\",\"breadcrumb\":{\"@id\":\"https:\/\/www.graindorge.fr\/en\/produit\/camembert-e-graindorge\/#breadcrumb\"},\"inLanguage\":\"en-US\",\"potentialAction\":[{\"@type\":\"ReadAction\",\"target\":[\"https:\/\/www.graindorge.fr\/en\/produit\/camembert-e-graindorge\/\"]}]},{\"@type\":\"ImageObject\",\"inLanguage\":\"en-US\",\"@id\":\"https:\/\/www.graindorge.fr\/en\/produit\/camembert-e-graindorge\/#primaryimage\",\"url\":\"https:\/\/www.graindorge.fr\/wp-content\/uploads\/2016\/01\/Camembert-EG-1.jpg\",\"contentUrl\":\"https:\/\/www.graindorge.fr\/wp-content\/uploads\/2016\/01\/Camembert-EG-1.jpg\",\"width\":600,\"height\":600},{\"@type\":\"BreadcrumbList\",\"@id\":\"https:\/\/www.graindorge.fr\/en\/produit\/camembert-e-graindorge\/#breadcrumb\",\"itemListElement\":[{\"@type\":\"ListItem\",\"position\":1,\"name\":\"Accueil\",\"item\":\"https:\/\/www.graindorge.fr\/en\/\"},{\"@type\":\"ListItem\",\"position\":2,\"name\":\"The Boutique\",\"item\":\"https:\/\/www.graindorge.fr\/en\/shop\/\"},{\"@type\":\"ListItem\",\"position\":3,\"name\":\"Camembert de Normandie AOP E. Graindorge\"}]},{\"@type\":\"WebSite\",\"@id\":\"https:\/\/www.graindorge.fr\/#website\",\"url\":\"https:\/\/www.graindorge.fr\/\",\"name\":\"Graindorge\",\"description\":\"Fromagerie Graindorge\",\"potentialAction\":[{\"@type\":\"SearchAction\",\"target\":{\"@type\":\"EntryPoint\",\"urlTemplate\":\"https:\/\/www.graindorge.fr\/?s={search_term_string}\"},\"query-input\":{\"@type\":\"PropertyValueSpecification\",\"valueRequired\":true,\"valueName\":\"search_term_string\"}}],\"inLanguage\":\"en-US\"}]}<\/script>\n<!-- \/ Yoast SEO plugin. -->","yoast_head_json":{"title":"Camembert de Normandie AOP E. Graindorge - Graindorge","robots":{"index":"index","follow":"follow","max-snippet":"max-snippet:-1","max-image-preview":"max-image-preview:large","max-video-preview":"max-video-preview:-1"},"canonical":"https:\/\/www.graindorge.fr\/en\/produit\/camembert-e-graindorge\/","og_locale":"en_US","og_type":"article","og_title":"Camembert de Normandie AOP E. Graindorge - Graindorge","og_description":"Bo\u00eete de 250g","og_url":"https:\/\/www.graindorge.fr\/en\/produit\/camembert-e-graindorge\/","og_site_name":"Graindorge","article_modified_time":"2026-01-30T10:14:41+00:00","og_image":[{"width":600,"height":600,"url":"http:\/\/www.graindorge.fr\/wp-content\/uploads\/2016\/01\/Camembert-EG-1.jpg","type":"image\/jpeg"}],"twitter_card":"summary_large_image","twitter_misc":{"Est. reading time":"1 minute"},"schema":{"@context":"https:\/\/schema.org","@graph":[{"@type":"WebPage","@id":"https:\/\/www.graindorge.fr\/en\/produit\/camembert-e-graindorge\/","url":"https:\/\/www.graindorge.fr\/en\/produit\/camembert-e-graindorge\/","name":"Camembert de Normandie AOP E. Graindorge - Graindorge","isPartOf":{"@id":"https:\/\/www.graindorge.fr\/#website"},"primaryImageOfPage":{"@id":"https:\/\/www.graindorge.fr\/en\/produit\/camembert-e-graindorge\/#primaryimage"},"image":{"@id":"https:\/\/www.graindorge.fr\/en\/produit\/camembert-e-graindorge\/#primaryimage"},"thumbnailUrl":"https:\/\/www.graindorge.fr\/wp-content\/uploads\/2016\/01\/Camembert-EG-1.jpg","datePublished":"2016-01-19T14:25:24+00:00","dateModified":"2026-01-30T10:14:41+00:00","breadcrumb":{"@id":"https:\/\/www.graindorge.fr\/en\/produit\/camembert-e-graindorge\/#breadcrumb"},"inLanguage":"en-US","potentialAction":[{"@type":"ReadAction","target":["https:\/\/www.graindorge.fr\/en\/produit\/camembert-e-graindorge\/"]}]},{"@type":"ImageObject","inLanguage":"en-US","@id":"https:\/\/www.graindorge.fr\/en\/produit\/camembert-e-graindorge\/#primaryimage","url":"https:\/\/www.graindorge.fr\/wp-content\/uploads\/2016\/01\/Camembert-EG-1.jpg","contentUrl":"https:\/\/www.graindorge.fr\/wp-content\/uploads\/2016\/01\/Camembert-EG-1.jpg","width":600,"height":600},{"@type":"BreadcrumbList","@id":"https:\/\/www.graindorge.fr\/en\/produit\/camembert-e-graindorge\/#breadcrumb","itemListElement":[{"@type":"ListItem","position":1,"name":"Accueil","item":"https:\/\/www.graindorge.fr\/en\/"},{"@type":"ListItem","position":2,"name":"The Boutique","item":"https:\/\/www.graindorge.fr\/en\/shop\/"},{"@type":"ListItem","position":3,"name":"Camembert de Normandie AOP E. Graindorge"}]},{"@type":"WebSite","@id":"https:\/\/www.graindorge.fr\/#website","url":"https:\/\/www.graindorge.fr\/","name":"Graindorge","description":"Fromagerie Graindorge","potentialAction":[{"@type":"SearchAction","target":{"@type":"EntryPoint","urlTemplate":"https:\/\/www.graindorge.fr\/?s={search_term_string}"},"query-input":{"@type":"PropertyValueSpecification","valueRequired":true,"valueName":"search_term_string"}}],"inLanguage":"en-US"}]}},"_links":{"self":[{"href":"https:\/\/www.graindorge.fr\/en\/wp-json\/wp\/v2\/product\/1792","targetHints":{"allow":["GET"]}}],"collection":[{"href":"https:\/\/www.graindorge.fr\/en\/wp-json\/wp\/v2\/product"}],"about":[{"href":"https:\/\/www.graindorge.fr\/en\/wp-json\/wp\/v2\/types\/product"}],"wp:featuredmedia":[{"embeddable":true,"href":"https:\/\/www.graindorge.fr\/en\/wp-json\/wp\/v2\/media\/1112"}],"wp:attachment":[{"href":"https:\/\/www.graindorge.fr\/en\/wp-json\/wp\/v2\/media?parent=1792"}],"wp:term":[{"taxonomy":"product_brand","embeddable":true,"href":"https:\/\/www.graindorge.fr\/en\/wp-json\/wp\/v2\/product_brand?post=1792"},{"taxonomy":"product_cat","embeddable":true,"href":"https:\/\/www.graindorge.fr\/en\/wp-json\/wp\/v2\/product_cat?post=1792"},{"taxonomy":"product_tag","embeddable":true,"href":"https:\/\/www.graindorge.fr\/en\/wp-json\/wp\/v2\/product_tag?post=1792"}],"curies":[{"name":"wp","href":"https:\/\/api.w.org\/{rel}","templated":true}]}}