{"id":1790,"date":"2016-01-19T15:29:59","date_gmt":"2016-01-19T14:29:59","guid":{"rendered":"http:\/\/www.graindorge.fr\/en\/boutique\/nonclass\u00e9\/petit-pont-leveque-graindorge\/"},"modified":"2026-01-30T11:12:10","modified_gmt":"2026-01-30T10:12:10","slug":"petit-pont-leveque-graindorge","status":"publish","type":"product","link":"https:\/\/www.graindorge.fr\/en\/produit\/petit-pont-leveque-graindorge\/","title":{"rendered":"Pont-l&#8217;Ev\u00eaque AOP E.Graindorge (220g)"},"content":{"rendered":"<p>Cr\u00e9\u00e9 par des moines cisterciens, il devient le fromage le plus r\u00e9put\u00e9 du royaume au XV\u00b0 si\u00e8cle. Sous sa cro\u00fbte jaune lav\u00e9e, sa p\u00e2te est blonde, souple et moelleuse. Typ\u00e9 sans \u00eatre fort au palais, il a une saveur subtile et un l\u00e9ger go\u00fbt de noisette et de beurre.<\/p>\n<p>Ingr\u00e9dients : <strong>Lait <\/strong>de vache pasteuris\u00e9, sel, ferments (<strong>dont lait<\/strong>), pr\u00e9sure.<br \/>\nValeurs nutritionnelles moyennes pour 100g<br \/>\nEnergie: 1236 kj \/ 298 kcal<br \/>\nMati\u00e8res grasses: 23g Dont Acides gras satur\u00e9s: 15g<br \/>\nGlucides: < 0,5g Dont Sucres: < 0,5g\nProt\u00e9ines: 22g\nSel: 1,6g\nLe Petit Pont l\u2019Ev\u00eaque E. Graindorge au <strong>lait<\/strong> pasteuris\u00e9 se conserve entre +4\u00b0C et +8\u00b0C<br \/>\nPoids net  \u00e0 l\u2019emballage : 220 g<br \/>\nFabriqu\u00e9 par FDL 14140 Livarot<\/p>\n","protected":false},"excerpt":{"rendered":"<p>Bo\u00eete de 220g<\/p>\n","protected":false},"featured_media":1134,"template":"","meta":{"_acf_changed":false},"product_brand":[],"product_cat":[52,55],"product_tag":[],"class_list":{"0":"post-1790","1":"product","2":"type-product","3":"status-publish","4":"has-post-thumbnail","6":"product_cat-aop-en","7":"product_cat-lait-pasteurise-en","8":"product_shipping_class-avec_boite-en","10":"first","11":"instock","12":"shipping-taxable","13":"purchasable","14":"product-type-simple"},"acf":[],"yoast_head":"<!-- This site is optimized with the Yoast SEO plugin v24.8 - https:\/\/yoast.com\/wordpress\/plugins\/seo\/ -->\n<title>Pont-l&#039;Ev\u00eaque AOP E.Graindorge (220g) - Graindorge<\/title>\n<meta name=\"robots\" content=\"index, follow, max-snippet:-1, max-image-preview:large, max-video-preview:-1\" \/>\n<link rel=\"canonical\" href=\"https:\/\/www.graindorge.fr\/en\/produit\/petit-pont-leveque-graindorge\/\" \/>\n<meta property=\"og:locale\" content=\"en_US\" \/>\n<meta property=\"og:type\" content=\"article\" \/>\n<meta property=\"og:title\" content=\"Pont-l&#039;Ev\u00eaque AOP E.Graindorge (220g) - Graindorge\" \/>\n<meta property=\"og:description\" content=\"Bo\u00eete de 220g\" \/>\n<meta property=\"og:url\" content=\"https:\/\/www.graindorge.fr\/en\/produit\/petit-pont-leveque-graindorge\/\" \/>\n<meta property=\"og:site_name\" content=\"Graindorge\" \/>\n<meta property=\"article:modified_time\" content=\"2026-01-30T10:12:10+00:00\" \/>\n<meta property=\"og:image\" content=\"http:\/\/www.graindorge.fr\/wp-content\/uploads\/2016\/01\/visuel-pour-petit-pont-leveque-et-pont-leveque-graindorge1.jpg\" \/>\n\t<meta property=\"og:image:width\" content=\"600\" \/>\n\t<meta property=\"og:image:height\" content=\"600\" \/>\n\t<meta property=\"og:image:type\" content=\"image\/jpeg\" \/>\n<meta name=\"twitter:card\" content=\"summary_large_image\" \/>\n<meta name=\"twitter:label1\" content=\"Est. reading time\" \/>\n\t<meta name=\"twitter:data1\" content=\"1 minute\" \/>\n<script type=\"application\/ld+json\" class=\"yoast-schema-graph\">{\"@context\":\"https:\/\/schema.org\",\"@graph\":[{\"@type\":\"WebPage\",\"@id\":\"https:\/\/www.graindorge.fr\/en\/produit\/petit-pont-leveque-graindorge\/\",\"url\":\"https:\/\/www.graindorge.fr\/en\/produit\/petit-pont-leveque-graindorge\/\",\"name\":\"Pont-l'Ev\u00eaque AOP E.Graindorge (220g) - Graindorge\",\"isPartOf\":{\"@id\":\"https:\/\/www.graindorge.fr\/#website\"},\"primaryImageOfPage\":{\"@id\":\"https:\/\/www.graindorge.fr\/en\/produit\/petit-pont-leveque-graindorge\/#primaryimage\"},\"image\":{\"@id\":\"https:\/\/www.graindorge.fr\/en\/produit\/petit-pont-leveque-graindorge\/#primaryimage\"},\"thumbnailUrl\":\"https:\/\/www.graindorge.fr\/wp-content\/uploads\/2016\/01\/visuel-pour-petit-pont-leveque-et-pont-leveque-graindorge1.jpg\",\"datePublished\":\"2016-01-19T14:29:59+00:00\",\"dateModified\":\"2026-01-30T10:12:10+00:00\",\"breadcrumb\":{\"@id\":\"https:\/\/www.graindorge.fr\/en\/produit\/petit-pont-leveque-graindorge\/#breadcrumb\"},\"inLanguage\":\"en-US\",\"potentialAction\":[{\"@type\":\"ReadAction\",\"target\":[\"https:\/\/www.graindorge.fr\/en\/produit\/petit-pont-leveque-graindorge\/\"]}]},{\"@type\":\"ImageObject\",\"inLanguage\":\"en-US\",\"@id\":\"https:\/\/www.graindorge.fr\/en\/produit\/petit-pont-leveque-graindorge\/#primaryimage\",\"url\":\"https:\/\/www.graindorge.fr\/wp-content\/uploads\/2016\/01\/visuel-pour-petit-pont-leveque-et-pont-leveque-graindorge1.jpg\",\"contentUrl\":\"https:\/\/www.graindorge.fr\/wp-content\/uploads\/2016\/01\/visuel-pour-petit-pont-leveque-et-pont-leveque-graindorge1.jpg\",\"width\":600,\"height\":600},{\"@type\":\"BreadcrumbList\",\"@id\":\"https:\/\/www.graindorge.fr\/en\/produit\/petit-pont-leveque-graindorge\/#breadcrumb\",\"itemListElement\":[{\"@type\":\"ListItem\",\"position\":1,\"name\":\"Accueil\",\"item\":\"https:\/\/www.graindorge.fr\/en\/\"},{\"@type\":\"ListItem\",\"position\":2,\"name\":\"The Boutique\",\"item\":\"https:\/\/www.graindorge.fr\/en\/shop\/\"},{\"@type\":\"ListItem\",\"position\":3,\"name\":\"Pont-l&rsquo;Ev\u00eaque AOP E.Graindorge (220g)\"}]},{\"@type\":\"WebSite\",\"@id\":\"https:\/\/www.graindorge.fr\/#website\",\"url\":\"https:\/\/www.graindorge.fr\/\",\"name\":\"Graindorge\",\"description\":\"Fromagerie Graindorge\",\"potentialAction\":[{\"@type\":\"SearchAction\",\"target\":{\"@type\":\"EntryPoint\",\"urlTemplate\":\"https:\/\/www.graindorge.fr\/?s={search_term_string}\"},\"query-input\":{\"@type\":\"PropertyValueSpecification\",\"valueRequired\":true,\"valueName\":\"search_term_string\"}}],\"inLanguage\":\"en-US\"}]}<\/script>\n<!-- \/ Yoast SEO plugin. -->","yoast_head_json":{"title":"Pont-l'Ev\u00eaque AOP E.Graindorge (220g) - Graindorge","robots":{"index":"index","follow":"follow","max-snippet":"max-snippet:-1","max-image-preview":"max-image-preview:large","max-video-preview":"max-video-preview:-1"},"canonical":"https:\/\/www.graindorge.fr\/en\/produit\/petit-pont-leveque-graindorge\/","og_locale":"en_US","og_type":"article","og_title":"Pont-l'Ev\u00eaque AOP E.Graindorge (220g) - Graindorge","og_description":"Bo\u00eete de 220g","og_url":"https:\/\/www.graindorge.fr\/en\/produit\/petit-pont-leveque-graindorge\/","og_site_name":"Graindorge","article_modified_time":"2026-01-30T10:12:10+00:00","og_image":[{"width":600,"height":600,"url":"http:\/\/www.graindorge.fr\/wp-content\/uploads\/2016\/01\/visuel-pour-petit-pont-leveque-et-pont-leveque-graindorge1.jpg","type":"image\/jpeg"}],"twitter_card":"summary_large_image","twitter_misc":{"Est. reading time":"1 minute"},"schema":{"@context":"https:\/\/schema.org","@graph":[{"@type":"WebPage","@id":"https:\/\/www.graindorge.fr\/en\/produit\/petit-pont-leveque-graindorge\/","url":"https:\/\/www.graindorge.fr\/en\/produit\/petit-pont-leveque-graindorge\/","name":"Pont-l'Ev\u00eaque AOP E.Graindorge (220g) - Graindorge","isPartOf":{"@id":"https:\/\/www.graindorge.fr\/#website"},"primaryImageOfPage":{"@id":"https:\/\/www.graindorge.fr\/en\/produit\/petit-pont-leveque-graindorge\/#primaryimage"},"image":{"@id":"https:\/\/www.graindorge.fr\/en\/produit\/petit-pont-leveque-graindorge\/#primaryimage"},"thumbnailUrl":"https:\/\/www.graindorge.fr\/wp-content\/uploads\/2016\/01\/visuel-pour-petit-pont-leveque-et-pont-leveque-graindorge1.jpg","datePublished":"2016-01-19T14:29:59+00:00","dateModified":"2026-01-30T10:12:10+00:00","breadcrumb":{"@id":"https:\/\/www.graindorge.fr\/en\/produit\/petit-pont-leveque-graindorge\/#breadcrumb"},"inLanguage":"en-US","potentialAction":[{"@type":"ReadAction","target":["https:\/\/www.graindorge.fr\/en\/produit\/petit-pont-leveque-graindorge\/"]}]},{"@type":"ImageObject","inLanguage":"en-US","@id":"https:\/\/www.graindorge.fr\/en\/produit\/petit-pont-leveque-graindorge\/#primaryimage","url":"https:\/\/www.graindorge.fr\/wp-content\/uploads\/2016\/01\/visuel-pour-petit-pont-leveque-et-pont-leveque-graindorge1.jpg","contentUrl":"https:\/\/www.graindorge.fr\/wp-content\/uploads\/2016\/01\/visuel-pour-petit-pont-leveque-et-pont-leveque-graindorge1.jpg","width":600,"height":600},{"@type":"BreadcrumbList","@id":"https:\/\/www.graindorge.fr\/en\/produit\/petit-pont-leveque-graindorge\/#breadcrumb","itemListElement":[{"@type":"ListItem","position":1,"name":"Accueil","item":"https:\/\/www.graindorge.fr\/en\/"},{"@type":"ListItem","position":2,"name":"The Boutique","item":"https:\/\/www.graindorge.fr\/en\/shop\/"},{"@type":"ListItem","position":3,"name":"Pont-l&rsquo;Ev\u00eaque AOP E.Graindorge (220g)"}]},{"@type":"WebSite","@id":"https:\/\/www.graindorge.fr\/#website","url":"https:\/\/www.graindorge.fr\/","name":"Graindorge","description":"Fromagerie Graindorge","potentialAction":[{"@type":"SearchAction","target":{"@type":"EntryPoint","urlTemplate":"https:\/\/www.graindorge.fr\/?s={search_term_string}"},"query-input":{"@type":"PropertyValueSpecification","valueRequired":true,"valueName":"search_term_string"}}],"inLanguage":"en-US"}]}},"_links":{"self":[{"href":"https:\/\/www.graindorge.fr\/en\/wp-json\/wp\/v2\/product\/1790","targetHints":{"allow":["GET"]}}],"collection":[{"href":"https:\/\/www.graindorge.fr\/en\/wp-json\/wp\/v2\/product"}],"about":[{"href":"https:\/\/www.graindorge.fr\/en\/wp-json\/wp\/v2\/types\/product"}],"wp:featuredmedia":[{"embeddable":true,"href":"https:\/\/www.graindorge.fr\/en\/wp-json\/wp\/v2\/media\/1134"}],"wp:attachment":[{"href":"https:\/\/www.graindorge.fr\/en\/wp-json\/wp\/v2\/media?parent=1790"}],"wp:term":[{"taxonomy":"product_brand","embeddable":true,"href":"https:\/\/www.graindorge.fr\/en\/wp-json\/wp\/v2\/product_brand?post=1790"},{"taxonomy":"product_cat","embeddable":true,"href":"https:\/\/www.graindorge.fr\/en\/wp-json\/wp\/v2\/product_cat?post=1790"},{"taxonomy":"product_tag","embeddable":true,"href":"https:\/\/www.graindorge.fr\/en\/wp-json\/wp\/v2\/product_tag?post=1790"}],"curies":[{"name":"wp","href":"https:\/\/api.w.org\/{rel}","templated":true}]}}