{"id":1787,"date":"2016-01-19T15:35:28","date_gmt":"2016-01-19T14:35:28","guid":{"rendered":"http:\/\/www.graindorge.fr\/en\/boutique\/nonclass\u00e9\/petit-pave-dauge\/"},"modified":"2025-01-17T09:00:52","modified_gmt":"2025-01-17T08:00:52","slug":"petit-pave-dauge","status":"publish","type":"product","link":"https:\/\/www.graindorge.fr\/en\/produit\/petit-pave-dauge\/","title":{"rendered":"Petit Pav\u00e9 d&#8217;Auge E.Graindorge (300g)"},"content":{"rendered":"<p>Cousin du Pont l\u2019Ev\u00eaque AOP, c\u2019est un authentique fromage de tradition au lait de vache. Le Pav\u00e9 d\u2019Auge est moelleux \u00e0 c\u0153ur apr\u00e8s quatre semaines d\u2019affinage en cave.<\/p>\n<p>Fromage \u00e0 pate molle \u00e0 cro\u00fbte lav\u00e9e.<br \/>\n<strong>Lait<\/strong> de vache thermis\u00e9 (temp\u00e9rature inf\u00e9rieure \u00e0 la pasteurisation, Origine : France), sel, ferments (<strong>dont lait<\/strong>), pr\u00e9sure.<br \/>\nValeurs nutritionnelles moyennes pour 100g<br \/>\nEnergie: 1236 kj \/ 298 kcal<br \/>\nMati\u00e8res grasses: 23g Dont Acides gras satur\u00e9s: 15g<br \/>\nGlucides: &lt; 0,5g Dont Sucres: &lt; 0,5g<br \/>\nProt\u00e9ines: 22g<br \/>\nSel: 1,6g<br \/>\nLe petit Pav\u00e9 d\u2019Auge se conserve entre +4\u00b0C et +8\u00b0C<br \/>\nPoids net \u00e0 l\u2019emballage : 300 g<br \/>\nFabriqu\u00e9 par FDL 14140 Livarot<\/p>\n","protected":false},"excerpt":{"rendered":"<p>Bo\u00eete de 300g<\/p>\n","protected":false},"featured_media":8357,"template":"","meta":{"_acf_changed":false},"product_brand":[],"product_cat":[56],"product_tag":[],"class_list":{"0":"post-1787","1":"product","2":"type-product","3":"status-publish","4":"has-post-thumbnail","6":"product_cat-specialites-en","7":"product_shipping_class-avec_boite-en","9":"first","10":"instock","11":"shipping-taxable","12":"purchasable","13":"product-type-simple"},"acf":[],"yoast_head":"<!-- This site is optimized with the Yoast SEO plugin v24.8 - https:\/\/yoast.com\/wordpress\/plugins\/seo\/ -->\n<title>Petit Pav\u00e9 d&#039;Auge E.Graindorge (300g) - Graindorge<\/title>\n<meta name=\"robots\" content=\"index, follow, max-snippet:-1, max-image-preview:large, max-video-preview:-1\" \/>\n<link rel=\"canonical\" href=\"https:\/\/www.graindorge.fr\/en\/produit\/petit-pave-dauge\/\" \/>\n<meta property=\"og:locale\" content=\"en_US\" \/>\n<meta property=\"og:type\" content=\"article\" \/>\n<meta property=\"og:title\" content=\"Petit Pav\u00e9 d&#039;Auge E.Graindorge (300g) - Graindorge\" \/>\n<meta property=\"og:description\" content=\"Bo\u00eete de 300g\" \/>\n<meta property=\"og:url\" content=\"https:\/\/www.graindorge.fr\/en\/produit\/petit-pave-dauge\/\" \/>\n<meta property=\"og:site_name\" content=\"Graindorge\" \/>\n<meta property=\"article:modified_time\" content=\"2025-01-17T08:00:52+00:00\" \/>\n<meta property=\"og:image\" content=\"http:\/\/www.graindorge.fr\/wp-content\/uploads\/2016\/01\/Pav\u00e9-Graindorge.jpg\" \/>\n\t<meta property=\"og:image:width\" content=\"600\" \/>\n\t<meta property=\"og:image:height\" content=\"600\" \/>\n\t<meta property=\"og:image:type\" content=\"image\/jpeg\" \/>\n<meta name=\"twitter:card\" content=\"summary_large_image\" \/>\n<meta name=\"twitter:label1\" content=\"Est. reading time\" \/>\n\t<meta name=\"twitter:data1\" content=\"1 minute\" \/>\n<script type=\"application\/ld+json\" class=\"yoast-schema-graph\">{\"@context\":\"https:\/\/schema.org\",\"@graph\":[{\"@type\":\"WebPage\",\"@id\":\"https:\/\/www.graindorge.fr\/en\/produit\/petit-pave-dauge\/\",\"url\":\"https:\/\/www.graindorge.fr\/en\/produit\/petit-pave-dauge\/\",\"name\":\"Petit Pav\u00e9 d'Auge E.Graindorge (300g) - Graindorge\",\"isPartOf\":{\"@id\":\"https:\/\/www.graindorge.fr\/#website\"},\"primaryImageOfPage\":{\"@id\":\"https:\/\/www.graindorge.fr\/en\/produit\/petit-pave-dauge\/#primaryimage\"},\"image\":{\"@id\":\"https:\/\/www.graindorge.fr\/en\/produit\/petit-pave-dauge\/#primaryimage\"},\"thumbnailUrl\":\"https:\/\/www.graindorge.fr\/wp-content\/uploads\/2016\/01\/Pav\u00e9-Graindorge.jpg\",\"datePublished\":\"2016-01-19T14:35:28+00:00\",\"dateModified\":\"2025-01-17T08:00:52+00:00\",\"breadcrumb\":{\"@id\":\"https:\/\/www.graindorge.fr\/en\/produit\/petit-pave-dauge\/#breadcrumb\"},\"inLanguage\":\"en-US\",\"potentialAction\":[{\"@type\":\"ReadAction\",\"target\":[\"https:\/\/www.graindorge.fr\/en\/produit\/petit-pave-dauge\/\"]}]},{\"@type\":\"ImageObject\",\"inLanguage\":\"en-US\",\"@id\":\"https:\/\/www.graindorge.fr\/en\/produit\/petit-pave-dauge\/#primaryimage\",\"url\":\"https:\/\/www.graindorge.fr\/wp-content\/uploads\/2016\/01\/Pav\u00e9-Graindorge.jpg\",\"contentUrl\":\"https:\/\/www.graindorge.fr\/wp-content\/uploads\/2016\/01\/Pav\u00e9-Graindorge.jpg\",\"width\":600,\"height\":600},{\"@type\":\"BreadcrumbList\",\"@id\":\"https:\/\/www.graindorge.fr\/en\/produit\/petit-pave-dauge\/#breadcrumb\",\"itemListElement\":[{\"@type\":\"ListItem\",\"position\":1,\"name\":\"Accueil\",\"item\":\"https:\/\/www.graindorge.fr\/en\/\"},{\"@type\":\"ListItem\",\"position\":2,\"name\":\"The Boutique\",\"item\":\"https:\/\/www.graindorge.fr\/en\/shop\/\"},{\"@type\":\"ListItem\",\"position\":3,\"name\":\"Petit Pav\u00e9 d&#8217;Auge E.Graindorge (300g)\"}]},{\"@type\":\"WebSite\",\"@id\":\"https:\/\/www.graindorge.fr\/#website\",\"url\":\"https:\/\/www.graindorge.fr\/\",\"name\":\"Graindorge\",\"description\":\"Fromagerie Graindorge\",\"potentialAction\":[{\"@type\":\"SearchAction\",\"target\":{\"@type\":\"EntryPoint\",\"urlTemplate\":\"https:\/\/www.graindorge.fr\/?s={search_term_string}\"},\"query-input\":{\"@type\":\"PropertyValueSpecification\",\"valueRequired\":true,\"valueName\":\"search_term_string\"}}],\"inLanguage\":\"en-US\"}]}<\/script>\n<!-- \/ Yoast SEO plugin. -->","yoast_head_json":{"title":"Petit Pav\u00e9 d'Auge E.Graindorge (300g) - Graindorge","robots":{"index":"index","follow":"follow","max-snippet":"max-snippet:-1","max-image-preview":"max-image-preview:large","max-video-preview":"max-video-preview:-1"},"canonical":"https:\/\/www.graindorge.fr\/en\/produit\/petit-pave-dauge\/","og_locale":"en_US","og_type":"article","og_title":"Petit Pav\u00e9 d'Auge E.Graindorge (300g) - Graindorge","og_description":"Bo\u00eete de 300g","og_url":"https:\/\/www.graindorge.fr\/en\/produit\/petit-pave-dauge\/","og_site_name":"Graindorge","article_modified_time":"2025-01-17T08:00:52+00:00","og_image":[{"width":600,"height":600,"url":"http:\/\/www.graindorge.fr\/wp-content\/uploads\/2016\/01\/Pav\u00e9-Graindorge.jpg","type":"image\/jpeg"}],"twitter_card":"summary_large_image","twitter_misc":{"Est. reading time":"1 minute"},"schema":{"@context":"https:\/\/schema.org","@graph":[{"@type":"WebPage","@id":"https:\/\/www.graindorge.fr\/en\/produit\/petit-pave-dauge\/","url":"https:\/\/www.graindorge.fr\/en\/produit\/petit-pave-dauge\/","name":"Petit Pav\u00e9 d'Auge E.Graindorge (300g) - Graindorge","isPartOf":{"@id":"https:\/\/www.graindorge.fr\/#website"},"primaryImageOfPage":{"@id":"https:\/\/www.graindorge.fr\/en\/produit\/petit-pave-dauge\/#primaryimage"},"image":{"@id":"https:\/\/www.graindorge.fr\/en\/produit\/petit-pave-dauge\/#primaryimage"},"thumbnailUrl":"https:\/\/www.graindorge.fr\/wp-content\/uploads\/2016\/01\/Pav\u00e9-Graindorge.jpg","datePublished":"2016-01-19T14:35:28+00:00","dateModified":"2025-01-17T08:00:52+00:00","breadcrumb":{"@id":"https:\/\/www.graindorge.fr\/en\/produit\/petit-pave-dauge\/#breadcrumb"},"inLanguage":"en-US","potentialAction":[{"@type":"ReadAction","target":["https:\/\/www.graindorge.fr\/en\/produit\/petit-pave-dauge\/"]}]},{"@type":"ImageObject","inLanguage":"en-US","@id":"https:\/\/www.graindorge.fr\/en\/produit\/petit-pave-dauge\/#primaryimage","url":"https:\/\/www.graindorge.fr\/wp-content\/uploads\/2016\/01\/Pav\u00e9-Graindorge.jpg","contentUrl":"https:\/\/www.graindorge.fr\/wp-content\/uploads\/2016\/01\/Pav\u00e9-Graindorge.jpg","width":600,"height":600},{"@type":"BreadcrumbList","@id":"https:\/\/www.graindorge.fr\/en\/produit\/petit-pave-dauge\/#breadcrumb","itemListElement":[{"@type":"ListItem","position":1,"name":"Accueil","item":"https:\/\/www.graindorge.fr\/en\/"},{"@type":"ListItem","position":2,"name":"The Boutique","item":"https:\/\/www.graindorge.fr\/en\/shop\/"},{"@type":"ListItem","position":3,"name":"Petit Pav\u00e9 d&#8217;Auge E.Graindorge (300g)"}]},{"@type":"WebSite","@id":"https:\/\/www.graindorge.fr\/#website","url":"https:\/\/www.graindorge.fr\/","name":"Graindorge","description":"Fromagerie Graindorge","potentialAction":[{"@type":"SearchAction","target":{"@type":"EntryPoint","urlTemplate":"https:\/\/www.graindorge.fr\/?s={search_term_string}"},"query-input":{"@type":"PropertyValueSpecification","valueRequired":true,"valueName":"search_term_string"}}],"inLanguage":"en-US"}]}},"_links":{"self":[{"href":"https:\/\/www.graindorge.fr\/en\/wp-json\/wp\/v2\/product\/1787","targetHints":{"allow":["GET"]}}],"collection":[{"href":"https:\/\/www.graindorge.fr\/en\/wp-json\/wp\/v2\/product"}],"about":[{"href":"https:\/\/www.graindorge.fr\/en\/wp-json\/wp\/v2\/types\/product"}],"wp:featuredmedia":[{"embeddable":true,"href":"https:\/\/www.graindorge.fr\/en\/wp-json\/wp\/v2\/media\/8357"}],"wp:attachment":[{"href":"https:\/\/www.graindorge.fr\/en\/wp-json\/wp\/v2\/media?parent=1787"}],"wp:term":[{"taxonomy":"product_brand","embeddable":true,"href":"https:\/\/www.graindorge.fr\/en\/wp-json\/wp\/v2\/product_brand?post=1787"},{"taxonomy":"product_cat","embeddable":true,"href":"https:\/\/www.graindorge.fr\/en\/wp-json\/wp\/v2\/product_cat?post=1787"},{"taxonomy":"product_tag","embeddable":true,"href":"https:\/\/www.graindorge.fr\/en\/wp-json\/wp\/v2\/product_tag?post=1787"}],"curies":[{"name":"wp","href":"https:\/\/api.w.org\/{rel}","templated":true}]}}