{"id":1785,"date":"2016-01-19T15:38:24","date_gmt":"2016-01-19T14:38:24","guid":{"rendered":"http:\/\/www.graindorge.fr\/en\/boutique\/nonclass\u00e9\/coulommiers\/"},"modified":"2025-01-17T09:01:12","modified_gmt":"2025-01-17T08:01:12","slug":"coulommiers","status":"publish","type":"product","link":"https:\/\/www.graindorge.fr\/en\/produit\/coulommiers\/","title":{"rendered":"Coulommiers au lait cru E.Graindorge"},"content":{"rendered":"<p>Le Coulommiers est un des grands fromages de France. Plus gros que son cousin le Camembert de Normandie AOP, sa p\u00e2te est onctueuse et fondante. Avec un go\u00fbt d\u00e9licatement bois\u00e9, ce fromage g\u00e9n\u00e9reux ravira toute la famille.<\/p>\n<p>Ingr\u00e9dients : <strong>Lait<\/strong> de vache cru (Origine : France), sel, ferments (<strong>dont lait<\/strong>), pr\u00e9sure.<\/p>\n<p><em>Ce fromage est au lait cru. Il est d\u00e9conseill\u00e9 aux populations fragiles, dont les jeunes enfants, de le consommer. Consultez www.fromagesaulaitcru.fr <\/em><\/p>\n<p>Valeurs nutritionnelles moyennes pour 100g<br \/>\nEnergie: 1191 kj \/ 287 kcal<br \/>\nMati\u00e8res grasses: 23g Dont Acides gras satur\u00e9s: 15g<br \/>\nGlucides: < 0,5g Dont Sucres: < 0,5g\nProt\u00e9ines: 20g\nSel: 1,6g\nLe Coulommiers se conserve entre +4\u00b0C et +8\u00b0C\nPoids net  \u00e0 l\u2019emballage : 350 g\nFabriqu\u00e9 par FDL 14140 Livarot\n<\/p>\n","protected":false},"excerpt":{"rendered":"<p>Bo\u00eete pyrograv\u00e9e de 360g<\/p>\n","protected":false},"featured_media":1116,"template":"","meta":{"_acf_changed":false},"product_brand":[],"product_cat":[54,56],"product_tag":[],"class_list":{"0":"post-1785","1":"product","2":"type-product","3":"status-publish","4":"has-post-thumbnail","6":"product_cat-lait-cru","7":"product_cat-specialites-en","8":"product_shipping_class-avec_boite-en","10":"first","11":"instock","12":"shipping-taxable","13":"purchasable","14":"product-type-simple"},"acf":[],"yoast_head":"<!-- This site is optimized with the Yoast SEO plugin v24.8 - https:\/\/yoast.com\/wordpress\/plugins\/seo\/ -->\n<title>Coulommiers au lait cru E.Graindorge - Graindorge<\/title>\n<meta name=\"robots\" content=\"index, follow, max-snippet:-1, max-image-preview:large, max-video-preview:-1\" \/>\n<link rel=\"canonical\" href=\"https:\/\/www.graindorge.fr\/en\/produit\/coulommiers\/\" \/>\n<meta property=\"og:locale\" content=\"en_US\" \/>\n<meta property=\"og:type\" content=\"article\" \/>\n<meta property=\"og:title\" content=\"Coulommiers au lait cru E.Graindorge - Graindorge\" \/>\n<meta property=\"og:description\" content=\"Bo\u00eete pyrograv\u00e9e de 360g\" \/>\n<meta property=\"og:url\" content=\"https:\/\/www.graindorge.fr\/en\/produit\/coulommiers\/\" \/>\n<meta property=\"og:site_name\" content=\"Graindorge\" \/>\n<meta property=\"article:modified_time\" content=\"2025-01-17T08:01:12+00:00\" \/>\n<meta property=\"og:image\" content=\"http:\/\/www.graindorge.fr\/wp-content\/uploads\/2016\/01\/coulommiers.jpg\" \/>\n\t<meta property=\"og:image:width\" content=\"600\" \/>\n\t<meta property=\"og:image:height\" content=\"600\" \/>\n\t<meta property=\"og:image:type\" content=\"image\/jpeg\" \/>\n<meta name=\"twitter:card\" content=\"summary_large_image\" \/>\n<meta name=\"twitter:label1\" content=\"Est. reading time\" \/>\n\t<meta name=\"twitter:data1\" content=\"1 minute\" \/>\n<script type=\"application\/ld+json\" class=\"yoast-schema-graph\">{\"@context\":\"https:\/\/schema.org\",\"@graph\":[{\"@type\":\"WebPage\",\"@id\":\"https:\/\/www.graindorge.fr\/en\/produit\/coulommiers\/\",\"url\":\"https:\/\/www.graindorge.fr\/en\/produit\/coulommiers\/\",\"name\":\"Coulommiers au lait cru E.Graindorge - Graindorge\",\"isPartOf\":{\"@id\":\"https:\/\/www.graindorge.fr\/#website\"},\"primaryImageOfPage\":{\"@id\":\"https:\/\/www.graindorge.fr\/en\/produit\/coulommiers\/#primaryimage\"},\"image\":{\"@id\":\"https:\/\/www.graindorge.fr\/en\/produit\/coulommiers\/#primaryimage\"},\"thumbnailUrl\":\"https:\/\/www.graindorge.fr\/wp-content\/uploads\/2016\/01\/coulommiers.jpg\",\"datePublished\":\"2016-01-19T14:38:24+00:00\",\"dateModified\":\"2025-01-17T08:01:12+00:00\",\"breadcrumb\":{\"@id\":\"https:\/\/www.graindorge.fr\/en\/produit\/coulommiers\/#breadcrumb\"},\"inLanguage\":\"en-US\",\"potentialAction\":[{\"@type\":\"ReadAction\",\"target\":[\"https:\/\/www.graindorge.fr\/en\/produit\/coulommiers\/\"]}]},{\"@type\":\"ImageObject\",\"inLanguage\":\"en-US\",\"@id\":\"https:\/\/www.graindorge.fr\/en\/produit\/coulommiers\/#primaryimage\",\"url\":\"https:\/\/www.graindorge.fr\/wp-content\/uploads\/2016\/01\/coulommiers.jpg\",\"contentUrl\":\"https:\/\/www.graindorge.fr\/wp-content\/uploads\/2016\/01\/coulommiers.jpg\",\"width\":600,\"height\":600},{\"@type\":\"BreadcrumbList\",\"@id\":\"https:\/\/www.graindorge.fr\/en\/produit\/coulommiers\/#breadcrumb\",\"itemListElement\":[{\"@type\":\"ListItem\",\"position\":1,\"name\":\"Accueil\",\"item\":\"https:\/\/www.graindorge.fr\/en\/\"},{\"@type\":\"ListItem\",\"position\":2,\"name\":\"The Boutique\",\"item\":\"https:\/\/www.graindorge.fr\/en\/shop\/\"},{\"@type\":\"ListItem\",\"position\":3,\"name\":\"Coulommiers au lait cru E.Graindorge\"}]},{\"@type\":\"WebSite\",\"@id\":\"https:\/\/www.graindorge.fr\/#website\",\"url\":\"https:\/\/www.graindorge.fr\/\",\"name\":\"Graindorge\",\"description\":\"Fromagerie Graindorge\",\"potentialAction\":[{\"@type\":\"SearchAction\",\"target\":{\"@type\":\"EntryPoint\",\"urlTemplate\":\"https:\/\/www.graindorge.fr\/?s={search_term_string}\"},\"query-input\":{\"@type\":\"PropertyValueSpecification\",\"valueRequired\":true,\"valueName\":\"search_term_string\"}}],\"inLanguage\":\"en-US\"}]}<\/script>\n<!-- \/ Yoast SEO plugin. -->","yoast_head_json":{"title":"Coulommiers au lait cru E.Graindorge - Graindorge","robots":{"index":"index","follow":"follow","max-snippet":"max-snippet:-1","max-image-preview":"max-image-preview:large","max-video-preview":"max-video-preview:-1"},"canonical":"https:\/\/www.graindorge.fr\/en\/produit\/coulommiers\/","og_locale":"en_US","og_type":"article","og_title":"Coulommiers au lait cru E.Graindorge - Graindorge","og_description":"Bo\u00eete pyrograv\u00e9e de 360g","og_url":"https:\/\/www.graindorge.fr\/en\/produit\/coulommiers\/","og_site_name":"Graindorge","article_modified_time":"2025-01-17T08:01:12+00:00","og_image":[{"width":600,"height":600,"url":"http:\/\/www.graindorge.fr\/wp-content\/uploads\/2016\/01\/coulommiers.jpg","type":"image\/jpeg"}],"twitter_card":"summary_large_image","twitter_misc":{"Est. reading time":"1 minute"},"schema":{"@context":"https:\/\/schema.org","@graph":[{"@type":"WebPage","@id":"https:\/\/www.graindorge.fr\/en\/produit\/coulommiers\/","url":"https:\/\/www.graindorge.fr\/en\/produit\/coulommiers\/","name":"Coulommiers au lait cru E.Graindorge - Graindorge","isPartOf":{"@id":"https:\/\/www.graindorge.fr\/#website"},"primaryImageOfPage":{"@id":"https:\/\/www.graindorge.fr\/en\/produit\/coulommiers\/#primaryimage"},"image":{"@id":"https:\/\/www.graindorge.fr\/en\/produit\/coulommiers\/#primaryimage"},"thumbnailUrl":"https:\/\/www.graindorge.fr\/wp-content\/uploads\/2016\/01\/coulommiers.jpg","datePublished":"2016-01-19T14:38:24+00:00","dateModified":"2025-01-17T08:01:12+00:00","breadcrumb":{"@id":"https:\/\/www.graindorge.fr\/en\/produit\/coulommiers\/#breadcrumb"},"inLanguage":"en-US","potentialAction":[{"@type":"ReadAction","target":["https:\/\/www.graindorge.fr\/en\/produit\/coulommiers\/"]}]},{"@type":"ImageObject","inLanguage":"en-US","@id":"https:\/\/www.graindorge.fr\/en\/produit\/coulommiers\/#primaryimage","url":"https:\/\/www.graindorge.fr\/wp-content\/uploads\/2016\/01\/coulommiers.jpg","contentUrl":"https:\/\/www.graindorge.fr\/wp-content\/uploads\/2016\/01\/coulommiers.jpg","width":600,"height":600},{"@type":"BreadcrumbList","@id":"https:\/\/www.graindorge.fr\/en\/produit\/coulommiers\/#breadcrumb","itemListElement":[{"@type":"ListItem","position":1,"name":"Accueil","item":"https:\/\/www.graindorge.fr\/en\/"},{"@type":"ListItem","position":2,"name":"The Boutique","item":"https:\/\/www.graindorge.fr\/en\/shop\/"},{"@type":"ListItem","position":3,"name":"Coulommiers au lait cru E.Graindorge"}]},{"@type":"WebSite","@id":"https:\/\/www.graindorge.fr\/#website","url":"https:\/\/www.graindorge.fr\/","name":"Graindorge","description":"Fromagerie Graindorge","potentialAction":[{"@type":"SearchAction","target":{"@type":"EntryPoint","urlTemplate":"https:\/\/www.graindorge.fr\/?s={search_term_string}"},"query-input":{"@type":"PropertyValueSpecification","valueRequired":true,"valueName":"search_term_string"}}],"inLanguage":"en-US"}]}},"_links":{"self":[{"href":"https:\/\/www.graindorge.fr\/en\/wp-json\/wp\/v2\/product\/1785","targetHints":{"allow":["GET"]}}],"collection":[{"href":"https:\/\/www.graindorge.fr\/en\/wp-json\/wp\/v2\/product"}],"about":[{"href":"https:\/\/www.graindorge.fr\/en\/wp-json\/wp\/v2\/types\/product"}],"wp:featuredmedia":[{"embeddable":true,"href":"https:\/\/www.graindorge.fr\/en\/wp-json\/wp\/v2\/media\/1116"}],"wp:attachment":[{"href":"https:\/\/www.graindorge.fr\/en\/wp-json\/wp\/v2\/media?parent=1785"}],"wp:term":[{"taxonomy":"product_brand","embeddable":true,"href":"https:\/\/www.graindorge.fr\/en\/wp-json\/wp\/v2\/product_brand?post=1785"},{"taxonomy":"product_cat","embeddable":true,"href":"https:\/\/www.graindorge.fr\/en\/wp-json\/wp\/v2\/product_cat?post=1785"},{"taxonomy":"product_tag","embeddable":true,"href":"https:\/\/www.graindorge.fr\/en\/wp-json\/wp\/v2\/product_tag?post=1785"}],"curies":[{"name":"wp","href":"https:\/\/api.w.org\/{rel}","templated":true}]}}