{"id":1784,"date":"2016-01-19T15:40:08","date_gmt":"2016-01-19T14:40:08","guid":{"rendered":"http:\/\/www.graindorge.fr\/en\/boutique\/nonclass\u00e9\/neufchatel-coeur-de-bray-2\/"},"modified":"2025-01-17T09:00:04","modified_gmt":"2025-01-17T08:00:04","slug":"neufchatel-coeur-de-bray-2","status":"publish","type":"product","link":"https:\/\/www.graindorge.fr\/en\/produit\/neufchatel-coeur-de-bray-2\/","title":{"rendered":"Neufchatel AOP au lait cru Coeur de Bray"},"content":{"rendered":"<p>A p\u00e2te molle et \u00e0 cro\u00fbte fleurie, ce fromage typique du Pays de Bray d\u00e9voile, sous sa cro\u00fbte soyeuse blanche, de d\u00e9licats ar\u00f4mes sal\u00e9 et lact\u00e9.<br \/>\nSa forme si originale est connue en Normandie depuis le VI\u00b0 si\u00e8cle. La l\u00e9gende raconte que pendant la guerre de Cent ans, les paysannes normandes envoyaient ces fromages en forme de c\u0153ur au soldats pour leurs t\u00e9moigner de leur amour.<\/p>\n<p>Ingr\u00e9dients : <strong>Lait<\/strong> de vache cru, sel, ferments (<strong>dont lait<\/strong>), pr\u00e9sure.<\/p>\n<p><em>Ce fromage est au lait cru. Il est d\u00e9conseill\u00e9 aux populations fragiles, dont les jeunes enfants, de le consommer. Consultez www.fromagesaulaitcru.fr <\/em><\/p>\n<p>Valeurs nutritionnelles moyennes pour 100g<br \/>\nEnergie: 1211 kj \/ 291 kcal<br \/>\nMati\u00e8res grasses: 24g Dont Acides gras satur\u00e9s: 17g<br \/>\nGlucides: < 0,5g Dont Sucres: < 0,5g\nProt\u00e9ines: 19g\nSel: 1,6g\nLe Neufch\u00e2tel se conserve entre +2\u00b0C et +6\u00b0C\nPoids net  \u00e0 l\u2019emballage : 200 g\n Fabriqu\u00e9 par FPB 76 270 Neufch\u00e2tel en Bray\n<\/p>\n","protected":false},"excerpt":{"rendered":"<p>Bo\u00eete de 200g<\/p>\n","protected":false},"featured_media":1104,"template":"","meta":{"_acf_changed":false},"product_brand":[],"product_cat":[52,54],"product_tag":[],"class_list":{"0":"post-1784","1":"product","2":"type-product","3":"status-publish","4":"has-post-thumbnail","6":"product_cat-aop-en","7":"product_cat-lait-cru","8":"product_shipping_class-avec_boite-en","10":"first","11":"instock","12":"shipping-taxable","13":"purchasable","14":"product-type-simple"},"acf":[],"yoast_head":"<!-- This site is optimized with the Yoast SEO plugin v24.8 - https:\/\/yoast.com\/wordpress\/plugins\/seo\/ -->\n<title>Neufchatel AOP au lait cru Coeur de Bray - Graindorge<\/title>\n<meta name=\"robots\" content=\"index, follow, max-snippet:-1, max-image-preview:large, max-video-preview:-1\" \/>\n<link rel=\"canonical\" href=\"https:\/\/www.graindorge.fr\/en\/produit\/neufchatel-coeur-de-bray-2\/\" \/>\n<meta property=\"og:locale\" content=\"en_US\" \/>\n<meta property=\"og:type\" content=\"article\" \/>\n<meta property=\"og:title\" content=\"Neufchatel AOP au lait cru Coeur de Bray - Graindorge\" \/>\n<meta property=\"og:description\" content=\"Bo\u00eete de 200g\" \/>\n<meta property=\"og:url\" content=\"https:\/\/www.graindorge.fr\/en\/produit\/neufchatel-coeur-de-bray-2\/\" \/>\n<meta property=\"og:site_name\" content=\"Graindorge\" \/>\n<meta property=\"article:modified_time\" content=\"2025-01-17T08:00:04+00:00\" \/>\n<meta property=\"og:image\" content=\"http:\/\/www.graindorge.fr\/wp-content\/uploads\/2016\/01\/neufchatel-cru1.jpg\" \/>\n\t<meta property=\"og:image:width\" content=\"600\" \/>\n\t<meta property=\"og:image:height\" content=\"600\" \/>\n\t<meta property=\"og:image:type\" content=\"image\/jpeg\" \/>\n<meta name=\"twitter:card\" content=\"summary_large_image\" \/>\n<meta name=\"twitter:label1\" content=\"Est. reading time\" \/>\n\t<meta name=\"twitter:data1\" content=\"1 minute\" \/>\n<script type=\"application\/ld+json\" class=\"yoast-schema-graph\">{\"@context\":\"https:\/\/schema.org\",\"@graph\":[{\"@type\":\"WebPage\",\"@id\":\"https:\/\/www.graindorge.fr\/en\/produit\/neufchatel-coeur-de-bray-2\/\",\"url\":\"https:\/\/www.graindorge.fr\/en\/produit\/neufchatel-coeur-de-bray-2\/\",\"name\":\"Neufchatel AOP au lait cru Coeur de Bray - Graindorge\",\"isPartOf\":{\"@id\":\"https:\/\/www.graindorge.fr\/#website\"},\"primaryImageOfPage\":{\"@id\":\"https:\/\/www.graindorge.fr\/en\/produit\/neufchatel-coeur-de-bray-2\/#primaryimage\"},\"image\":{\"@id\":\"https:\/\/www.graindorge.fr\/en\/produit\/neufchatel-coeur-de-bray-2\/#primaryimage\"},\"thumbnailUrl\":\"https:\/\/www.graindorge.fr\/wp-content\/uploads\/2016\/01\/neufchatel-cru1.jpg\",\"datePublished\":\"2016-01-19T14:40:08+00:00\",\"dateModified\":\"2025-01-17T08:00:04+00:00\",\"breadcrumb\":{\"@id\":\"https:\/\/www.graindorge.fr\/en\/produit\/neufchatel-coeur-de-bray-2\/#breadcrumb\"},\"inLanguage\":\"en-US\",\"potentialAction\":[{\"@type\":\"ReadAction\",\"target\":[\"https:\/\/www.graindorge.fr\/en\/produit\/neufchatel-coeur-de-bray-2\/\"]}]},{\"@type\":\"ImageObject\",\"inLanguage\":\"en-US\",\"@id\":\"https:\/\/www.graindorge.fr\/en\/produit\/neufchatel-coeur-de-bray-2\/#primaryimage\",\"url\":\"https:\/\/www.graindorge.fr\/wp-content\/uploads\/2016\/01\/neufchatel-cru1.jpg\",\"contentUrl\":\"https:\/\/www.graindorge.fr\/wp-content\/uploads\/2016\/01\/neufchatel-cru1.jpg\",\"width\":600,\"height\":600},{\"@type\":\"BreadcrumbList\",\"@id\":\"https:\/\/www.graindorge.fr\/en\/produit\/neufchatel-coeur-de-bray-2\/#breadcrumb\",\"itemListElement\":[{\"@type\":\"ListItem\",\"position\":1,\"name\":\"Accueil\",\"item\":\"https:\/\/www.graindorge.fr\/en\/\"},{\"@type\":\"ListItem\",\"position\":2,\"name\":\"The Boutique\",\"item\":\"https:\/\/www.graindorge.fr\/en\/shop\/\"},{\"@type\":\"ListItem\",\"position\":3,\"name\":\"Neufchatel AOP au lait cru Coeur de Bray\"}]},{\"@type\":\"WebSite\",\"@id\":\"https:\/\/www.graindorge.fr\/#website\",\"url\":\"https:\/\/www.graindorge.fr\/\",\"name\":\"Graindorge\",\"description\":\"Fromagerie Graindorge\",\"potentialAction\":[{\"@type\":\"SearchAction\",\"target\":{\"@type\":\"EntryPoint\",\"urlTemplate\":\"https:\/\/www.graindorge.fr\/?s={search_term_string}\"},\"query-input\":{\"@type\":\"PropertyValueSpecification\",\"valueRequired\":true,\"valueName\":\"search_term_string\"}}],\"inLanguage\":\"en-US\"}]}<\/script>\n<!-- \/ Yoast SEO plugin. -->","yoast_head_json":{"title":"Neufchatel AOP au lait cru Coeur de Bray - Graindorge","robots":{"index":"index","follow":"follow","max-snippet":"max-snippet:-1","max-image-preview":"max-image-preview:large","max-video-preview":"max-video-preview:-1"},"canonical":"https:\/\/www.graindorge.fr\/en\/produit\/neufchatel-coeur-de-bray-2\/","og_locale":"en_US","og_type":"article","og_title":"Neufchatel AOP au lait cru Coeur de Bray - Graindorge","og_description":"Bo\u00eete de 200g","og_url":"https:\/\/www.graindorge.fr\/en\/produit\/neufchatel-coeur-de-bray-2\/","og_site_name":"Graindorge","article_modified_time":"2025-01-17T08:00:04+00:00","og_image":[{"width":600,"height":600,"url":"http:\/\/www.graindorge.fr\/wp-content\/uploads\/2016\/01\/neufchatel-cru1.jpg","type":"image\/jpeg"}],"twitter_card":"summary_large_image","twitter_misc":{"Est. reading time":"1 minute"},"schema":{"@context":"https:\/\/schema.org","@graph":[{"@type":"WebPage","@id":"https:\/\/www.graindorge.fr\/en\/produit\/neufchatel-coeur-de-bray-2\/","url":"https:\/\/www.graindorge.fr\/en\/produit\/neufchatel-coeur-de-bray-2\/","name":"Neufchatel AOP au lait cru Coeur de Bray - Graindorge","isPartOf":{"@id":"https:\/\/www.graindorge.fr\/#website"},"primaryImageOfPage":{"@id":"https:\/\/www.graindorge.fr\/en\/produit\/neufchatel-coeur-de-bray-2\/#primaryimage"},"image":{"@id":"https:\/\/www.graindorge.fr\/en\/produit\/neufchatel-coeur-de-bray-2\/#primaryimage"},"thumbnailUrl":"https:\/\/www.graindorge.fr\/wp-content\/uploads\/2016\/01\/neufchatel-cru1.jpg","datePublished":"2016-01-19T14:40:08+00:00","dateModified":"2025-01-17T08:00:04+00:00","breadcrumb":{"@id":"https:\/\/www.graindorge.fr\/en\/produit\/neufchatel-coeur-de-bray-2\/#breadcrumb"},"inLanguage":"en-US","potentialAction":[{"@type":"ReadAction","target":["https:\/\/www.graindorge.fr\/en\/produit\/neufchatel-coeur-de-bray-2\/"]}]},{"@type":"ImageObject","inLanguage":"en-US","@id":"https:\/\/www.graindorge.fr\/en\/produit\/neufchatel-coeur-de-bray-2\/#primaryimage","url":"https:\/\/www.graindorge.fr\/wp-content\/uploads\/2016\/01\/neufchatel-cru1.jpg","contentUrl":"https:\/\/www.graindorge.fr\/wp-content\/uploads\/2016\/01\/neufchatel-cru1.jpg","width":600,"height":600},{"@type":"BreadcrumbList","@id":"https:\/\/www.graindorge.fr\/en\/produit\/neufchatel-coeur-de-bray-2\/#breadcrumb","itemListElement":[{"@type":"ListItem","position":1,"name":"Accueil","item":"https:\/\/www.graindorge.fr\/en\/"},{"@type":"ListItem","position":2,"name":"The Boutique","item":"https:\/\/www.graindorge.fr\/en\/shop\/"},{"@type":"ListItem","position":3,"name":"Neufchatel AOP au lait cru Coeur de Bray"}]},{"@type":"WebSite","@id":"https:\/\/www.graindorge.fr\/#website","url":"https:\/\/www.graindorge.fr\/","name":"Graindorge","description":"Fromagerie Graindorge","potentialAction":[{"@type":"SearchAction","target":{"@type":"EntryPoint","urlTemplate":"https:\/\/www.graindorge.fr\/?s={search_term_string}"},"query-input":{"@type":"PropertyValueSpecification","valueRequired":true,"valueName":"search_term_string"}}],"inLanguage":"en-US"}]}},"_links":{"self":[{"href":"https:\/\/www.graindorge.fr\/en\/wp-json\/wp\/v2\/product\/1784","targetHints":{"allow":["GET"]}}],"collection":[{"href":"https:\/\/www.graindorge.fr\/en\/wp-json\/wp\/v2\/product"}],"about":[{"href":"https:\/\/www.graindorge.fr\/en\/wp-json\/wp\/v2\/types\/product"}],"wp:featuredmedia":[{"embeddable":true,"href":"https:\/\/www.graindorge.fr\/en\/wp-json\/wp\/v2\/media\/1104"}],"wp:attachment":[{"href":"https:\/\/www.graindorge.fr\/en\/wp-json\/wp\/v2\/media?parent=1784"}],"wp:term":[{"taxonomy":"product_brand","embeddable":true,"href":"https:\/\/www.graindorge.fr\/en\/wp-json\/wp\/v2\/product_brand?post=1784"},{"taxonomy":"product_cat","embeddable":true,"href":"https:\/\/www.graindorge.fr\/en\/wp-json\/wp\/v2\/product_cat?post=1784"},{"taxonomy":"product_tag","embeddable":true,"href":"https:\/\/www.graindorge.fr\/en\/wp-json\/wp\/v2\/product_tag?post=1784"}],"curies":[{"name":"wp","href":"https:\/\/api.w.org\/{rel}","templated":true}]}}