{"id":1783,"date":"2016-01-19T15:41:22","date_gmt":"2016-01-19T14:41:22","guid":{"rendered":"http:\/\/www.graindorge.fr\/en\/boutique\/nonclass\u00e9\/camembert-au-calvados\/"},"modified":"2025-01-17T09:01:28","modified_gmt":"2025-01-17T08:01:28","slug":"camembert-au-calvados","status":"publish","type":"product","link":"https:\/\/www.graindorge.fr\/en\/produit\/camembert-au-calvados\/","title":{"rendered":"Camembert au Calvados E.Graindorge"},"content":{"rendered":"<p>Le Camembert au Calvados est une sp\u00e9cialit\u00e9 typiquement normande, mariant d\u00e9licatement le cr\u00e9meux du camembert et le fruit\u00e9 de la pomme. L\u2019association parfaite de deux savoir-faire normands.<\/p>\n<p>Ingr\u00e9dients : <strong>Lait<\/strong> de vache pasteuris\u00e9 (Origine : France), sel, ferments (<strong>dont lait<\/strong>), pr\u00e9sure, calvados (0,01%).<br \/>\nValeurs nutritionnelles moyennes pour 100g<br \/>\nEnergie: 1210 kj \/ 291 kcal<br \/>\nMati\u00e8res grasses: 23g Dont Acides gras satur\u00e9s: 15g<br \/>\nGlucides: < 0,5g Dont Sucres: < 0,5g\nProt\u00e9ines: 21g\nSel: 1,6g\n\nLe Camembert au Calvados se conserve entre +4\u00b0C et +8\u00b0C\nPoids net  \u00e0 l\u2019emballage : 250 g\nFabriqu\u00e9 par FDL 14140 Livarot\n<\/p>\n","protected":false},"excerpt":{"rendered":"<p>Bo\u00eete de 250g<\/p>\n","protected":false},"featured_media":1110,"template":"","meta":{"_acf_changed":false},"product_brand":[],"product_cat":[55,56],"product_tag":[],"class_list":{"0":"post-1783","1":"product","2":"type-product","3":"status-publish","4":"has-post-thumbnail","6":"product_cat-lait-pasteurise-en","7":"product_cat-specialites-en","8":"product_shipping_class-avec_boite-en","10":"first","11":"instock","12":"shipping-taxable","13":"purchasable","14":"product-type-simple"},"acf":[],"yoast_head":"<!-- This site is optimized with the Yoast SEO plugin v24.8 - https:\/\/yoast.com\/wordpress\/plugins\/seo\/ -->\n<title>Camembert au Calvados E.Graindorge - Graindorge<\/title>\n<meta name=\"robots\" content=\"index, follow, max-snippet:-1, max-image-preview:large, max-video-preview:-1\" \/>\n<link rel=\"canonical\" href=\"https:\/\/www.graindorge.fr\/en\/produit\/camembert-au-calvados\/\" \/>\n<meta property=\"og:locale\" content=\"en_US\" \/>\n<meta property=\"og:type\" content=\"article\" \/>\n<meta property=\"og:title\" content=\"Camembert au Calvados E.Graindorge - Graindorge\" \/>\n<meta property=\"og:description\" content=\"Bo\u00eete de 250g\" \/>\n<meta property=\"og:url\" content=\"https:\/\/www.graindorge.fr\/en\/produit\/camembert-au-calvados\/\" \/>\n<meta property=\"og:site_name\" content=\"Graindorge\" \/>\n<meta property=\"article:modified_time\" content=\"2025-01-17T08:01:28+00:00\" \/>\n<meta property=\"og:image\" content=\"http:\/\/www.graindorge.fr\/wp-content\/uploads\/2016\/01\/Camembert-calva1.jpg\" \/>\n\t<meta property=\"og:image:width\" content=\"600\" \/>\n\t<meta property=\"og:image:height\" content=\"600\" \/>\n\t<meta property=\"og:image:type\" content=\"image\/jpeg\" \/>\n<meta name=\"twitter:card\" content=\"summary_large_image\" \/>\n<script type=\"application\/ld+json\" class=\"yoast-schema-graph\">{\"@context\":\"https:\/\/schema.org\",\"@graph\":[{\"@type\":\"WebPage\",\"@id\":\"https:\/\/www.graindorge.fr\/en\/produit\/camembert-au-calvados\/\",\"url\":\"https:\/\/www.graindorge.fr\/en\/produit\/camembert-au-calvados\/\",\"name\":\"Camembert au Calvados E.Graindorge - Graindorge\",\"isPartOf\":{\"@id\":\"https:\/\/www.graindorge.fr\/#website\"},\"primaryImageOfPage\":{\"@id\":\"https:\/\/www.graindorge.fr\/en\/produit\/camembert-au-calvados\/#primaryimage\"},\"image\":{\"@id\":\"https:\/\/www.graindorge.fr\/en\/produit\/camembert-au-calvados\/#primaryimage\"},\"thumbnailUrl\":\"https:\/\/www.graindorge.fr\/wp-content\/uploads\/2016\/01\/Camembert-calva1.jpg\",\"datePublished\":\"2016-01-19T14:41:22+00:00\",\"dateModified\":\"2025-01-17T08:01:28+00:00\",\"breadcrumb\":{\"@id\":\"https:\/\/www.graindorge.fr\/en\/produit\/camembert-au-calvados\/#breadcrumb\"},\"inLanguage\":\"en-US\",\"potentialAction\":[{\"@type\":\"ReadAction\",\"target\":[\"https:\/\/www.graindorge.fr\/en\/produit\/camembert-au-calvados\/\"]}]},{\"@type\":\"ImageObject\",\"inLanguage\":\"en-US\",\"@id\":\"https:\/\/www.graindorge.fr\/en\/produit\/camembert-au-calvados\/#primaryimage\",\"url\":\"https:\/\/www.graindorge.fr\/wp-content\/uploads\/2016\/01\/Camembert-calva1.jpg\",\"contentUrl\":\"https:\/\/www.graindorge.fr\/wp-content\/uploads\/2016\/01\/Camembert-calva1.jpg\",\"width\":600,\"height\":600},{\"@type\":\"BreadcrumbList\",\"@id\":\"https:\/\/www.graindorge.fr\/en\/produit\/camembert-au-calvados\/#breadcrumb\",\"itemListElement\":[{\"@type\":\"ListItem\",\"position\":1,\"name\":\"Accueil\",\"item\":\"https:\/\/www.graindorge.fr\/en\/\"},{\"@type\":\"ListItem\",\"position\":2,\"name\":\"The Boutique\",\"item\":\"https:\/\/www.graindorge.fr\/en\/shop\/\"},{\"@type\":\"ListItem\",\"position\":3,\"name\":\"Camembert au Calvados E.Graindorge\"}]},{\"@type\":\"WebSite\",\"@id\":\"https:\/\/www.graindorge.fr\/#website\",\"url\":\"https:\/\/www.graindorge.fr\/\",\"name\":\"Graindorge\",\"description\":\"Fromagerie Graindorge\",\"potentialAction\":[{\"@type\":\"SearchAction\",\"target\":{\"@type\":\"EntryPoint\",\"urlTemplate\":\"https:\/\/www.graindorge.fr\/?s={search_term_string}\"},\"query-input\":{\"@type\":\"PropertyValueSpecification\",\"valueRequired\":true,\"valueName\":\"search_term_string\"}}],\"inLanguage\":\"en-US\"}]}<\/script>\n<!-- \/ Yoast SEO plugin. -->","yoast_head_json":{"title":"Camembert au Calvados E.Graindorge - Graindorge","robots":{"index":"index","follow":"follow","max-snippet":"max-snippet:-1","max-image-preview":"max-image-preview:large","max-video-preview":"max-video-preview:-1"},"canonical":"https:\/\/www.graindorge.fr\/en\/produit\/camembert-au-calvados\/","og_locale":"en_US","og_type":"article","og_title":"Camembert au Calvados E.Graindorge - Graindorge","og_description":"Bo\u00eete de 250g","og_url":"https:\/\/www.graindorge.fr\/en\/produit\/camembert-au-calvados\/","og_site_name":"Graindorge","article_modified_time":"2025-01-17T08:01:28+00:00","og_image":[{"width":600,"height":600,"url":"http:\/\/www.graindorge.fr\/wp-content\/uploads\/2016\/01\/Camembert-calva1.jpg","type":"image\/jpeg"}],"twitter_card":"summary_large_image","schema":{"@context":"https:\/\/schema.org","@graph":[{"@type":"WebPage","@id":"https:\/\/www.graindorge.fr\/en\/produit\/camembert-au-calvados\/","url":"https:\/\/www.graindorge.fr\/en\/produit\/camembert-au-calvados\/","name":"Camembert au Calvados E.Graindorge - Graindorge","isPartOf":{"@id":"https:\/\/www.graindorge.fr\/#website"},"primaryImageOfPage":{"@id":"https:\/\/www.graindorge.fr\/en\/produit\/camembert-au-calvados\/#primaryimage"},"image":{"@id":"https:\/\/www.graindorge.fr\/en\/produit\/camembert-au-calvados\/#primaryimage"},"thumbnailUrl":"https:\/\/www.graindorge.fr\/wp-content\/uploads\/2016\/01\/Camembert-calva1.jpg","datePublished":"2016-01-19T14:41:22+00:00","dateModified":"2025-01-17T08:01:28+00:00","breadcrumb":{"@id":"https:\/\/www.graindorge.fr\/en\/produit\/camembert-au-calvados\/#breadcrumb"},"inLanguage":"en-US","potentialAction":[{"@type":"ReadAction","target":["https:\/\/www.graindorge.fr\/en\/produit\/camembert-au-calvados\/"]}]},{"@type":"ImageObject","inLanguage":"en-US","@id":"https:\/\/www.graindorge.fr\/en\/produit\/camembert-au-calvados\/#primaryimage","url":"https:\/\/www.graindorge.fr\/wp-content\/uploads\/2016\/01\/Camembert-calva1.jpg","contentUrl":"https:\/\/www.graindorge.fr\/wp-content\/uploads\/2016\/01\/Camembert-calva1.jpg","width":600,"height":600},{"@type":"BreadcrumbList","@id":"https:\/\/www.graindorge.fr\/en\/produit\/camembert-au-calvados\/#breadcrumb","itemListElement":[{"@type":"ListItem","position":1,"name":"Accueil","item":"https:\/\/www.graindorge.fr\/en\/"},{"@type":"ListItem","position":2,"name":"The Boutique","item":"https:\/\/www.graindorge.fr\/en\/shop\/"},{"@type":"ListItem","position":3,"name":"Camembert au Calvados E.Graindorge"}]},{"@type":"WebSite","@id":"https:\/\/www.graindorge.fr\/#website","url":"https:\/\/www.graindorge.fr\/","name":"Graindorge","description":"Fromagerie Graindorge","potentialAction":[{"@type":"SearchAction","target":{"@type":"EntryPoint","urlTemplate":"https:\/\/www.graindorge.fr\/?s={search_term_string}"},"query-input":{"@type":"PropertyValueSpecification","valueRequired":true,"valueName":"search_term_string"}}],"inLanguage":"en-US"}]}},"_links":{"self":[{"href":"https:\/\/www.graindorge.fr\/en\/wp-json\/wp\/v2\/product\/1783","targetHints":{"allow":["GET"]}}],"collection":[{"href":"https:\/\/www.graindorge.fr\/en\/wp-json\/wp\/v2\/product"}],"about":[{"href":"https:\/\/www.graindorge.fr\/en\/wp-json\/wp\/v2\/types\/product"}],"wp:featuredmedia":[{"embeddable":true,"href":"https:\/\/www.graindorge.fr\/en\/wp-json\/wp\/v2\/media\/1110"}],"wp:attachment":[{"href":"https:\/\/www.graindorge.fr\/en\/wp-json\/wp\/v2\/media?parent=1783"}],"wp:term":[{"taxonomy":"product_brand","embeddable":true,"href":"https:\/\/www.graindorge.fr\/en\/wp-json\/wp\/v2\/product_brand?post=1783"},{"taxonomy":"product_cat","embeddable":true,"href":"https:\/\/www.graindorge.fr\/en\/wp-json\/wp\/v2\/product_cat?post=1783"},{"taxonomy":"product_tag","embeddable":true,"href":"https:\/\/www.graindorge.fr\/en\/wp-json\/wp\/v2\/product_tag?post=1783"}],"curies":[{"name":"wp","href":"https:\/\/api.w.org\/{rel}","templated":true}]}}